{"id":3412,"date":"2022-12-08T18:44:18","date_gmt":"2022-12-08T17:44:18","guid":{"rendered":"https:\/\/visionary-project.eu\/nuestro-trabajo\/estudios-de-caso\/"},"modified":"2024-10-03T13:19:23","modified_gmt":"2024-10-03T11:19:23","slug":"estudios-de-caso","status":"publish","type":"page","link":"https:\/\/visionary-project.eu\/es\/nuestro-trabajo\/estudios-de-caso\/","title":{"rendered":"Estudios de caso"},"content":{"rendered":"<p>[et_pb_section fb_built=\u00bb1&#8243; admin_label=\u00bbHeader\u00bb _builder_version=\u00bb4.19.3&#8243; _dynamic_attributes=\u00bbbackground_image\u00bb background_color=\u00bb#FFFFFF\u00bb background_image=\u00bb@ET-DC@eyJkeW5hbWljIjp0cnVlLCJjb250ZW50IjoicG9zdF9mZWF0dXJlZF9pbWFnZSIsInNldHRpbmdzIjp7fX0=@\u00bb parallax=\u00bbon\u00bb background_enable_mask_style=\u00bbon\u00bb background_mask_style=\u00bbchevrons\u00bb background_mask_color=\u00bbrgba(255,255,255,0.4)\u00bb background_mask_transform=\u00bbinvert\u00bb background_mask_aspect_ratio=\u00bbsquare\u00bb background_mask_size=\u00bbcover\u00bb background_mask_position=\u00bbcenter_right\u00bb background_mask_horizontal_offset=\u00bb-100%\u00bb min_height=\u00bb40vh\u00bb custom_padding=\u00bb0px||||false|false\u00bb locked=\u00bboff\u00bb collapsed=\u00bbon\u00bb global_colors_info=\u00bb{}\u00bb][et_pb_row _builder_version=\u00bb4.16&#8243; background_size=\u00bbinitial\u00bb background_position=\u00bbtop_left\u00bb background_repeat=\u00bbrepeat\u00bb custom_padding=\u00bb||3px|||\u00bb global_colors_info=\u00bb{}\u00bb][et_pb_column type=\u00bb4_4&#8243; _builder_version=\u00bb4.16&#8243; custom_padding=\u00bb|||\u00bb global_colors_info=\u00bb{}\u00bb custom_padding__hover=\u00bb|||\u00bb][et_pb_image src=\u00bbhttps:\/\/visionary-project.eu\/wp-content\/uploads\/2022\/12\/Icon-04.svg\u00bb title_text=\u00bbIcon-04&#8243; show_bottom_space=\u00bboff\u00bb _builder_version=\u00bb4.19.3&#8243; _module_preset=\u00bbdefault\u00bb width=\u00bb9%\u00bb width_tablet=\u00bb15%\u00bb width_phone=\u00bb30%\u00bb width_last_edited=\u00bbon|phone\u00bb custom_padding=\u00bb|||0px|false|false\u00bb locked=\u00bboff\u00bb global_colors_info=\u00bb{}\u00bb][\/et_pb_image][et_pb_text _builder_version=\u00bb4.19.2&#8243; _dynamic_attributes=\u00bbcontent\u00bb _module_preset=\u00bbdefault\u00bb text_font=\u00bb||||||||\u00bb header_font=\u00bb||||||||\u00bb global_colors_info=\u00bb{%22gcid-ebdec4e1-99b3-4757-b062-df19783991b8%22:%91%22header_text_color%22%93}\u00bb]@ET-DC@eyJkeW5hbWljIjp0cnVlLCJjb250ZW50IjoicG9zdF90aXRsZSIsInNldHRpbmdzIjp7ImJlZm9yZSI6IjxoMT4iLCJhZnRlciI6IjxcL2gxPiJ9fQ==@[\/et_pb_text][\/et_pb_column][\/et_pb_row][\/et_pb_section][et_pb_section fb_built=\u00bb1&#8243; admin_label=\u00bbNews\u00bb _builder_version=\u00bb4.19.3&#8243; _module_preset=\u00bbdefault\u00bb custom_margin=\u00bb40px||||false|false\u00bb custom_padding=\u00bb5px||83px|||\u00bb locked=\u00bboff\u00bb global_colors_info=\u00bb{}\u00bb][et_pb_row column_structure=\u00bb1_3,1_3,1_3&#8243; make_equal=\u00bbon\u00bb _builder_version=\u00bb4.20.1&#8243; _module_preset=\u00bbdefault\u00bb global_colors_info=\u00bb{}\u00bb][et_pb_column type=\u00bb1_3&#8243; _builder_version=\u00bb4.20.1&#8243; _module_preset=\u00bbdefault\u00bb background_color=\u00bbgcid-6f37a5ab-8dee-4caa-b818-fd4907caa741&#8243; custom_padding=\u00bb0px|0px|0px|0px|false|false\u00bb custom_css_main_element=\u00bbdisplay: flex;||flex-direction: column;\u00bb global_colors_info=\u00bb{%22gcid-6f37a5ab-8dee-4caa-b818-fd4907caa741%22:%91%22background_color%22%93}\u00bb][et_pb_image src=\u00bbhttps:\/\/visionary-project.eu\/wp-content\/uploads\/2023\/03\/Klima-1024&#215;576.jpg\u00bb title_text=\u00bbClima\u00bb url=\u00bb@ET-DC@eyJkeW5hbWljIjp0cnVlLCJjb250ZW50IjoicG9zdF9saW5rX3VybF9wYWdlIiwic2V0dGluZ3MiOnsicG9zdF9pZCI6IjI4MDMifX0=@\u00bb show_bottom_space=\u00bboff\u00bb _builder_version=\u00bb4.20.0&#8243; _dynamic_attributes=\u00bburl\u00bb _module_preset=\u00bbdefault\u00bb custom_margin=\u00bb-5px||||false|false\u00bb global_colors_info=\u00bb{}\u00bb][\/et_pb_image][et_pb_text _builder_version=\u00bb4.20.0&#8243; _module_preset=\u00bbdefault\u00bb custom_padding=\u00bb20px|20px|20px|20px|true|true\u00bb global_colors_info=\u00bb{}\u00bb]<\/p>\n<h2>Clima<\/h2>\n<p>\u00bfFuncionan los instrumentos de pol\u00edtica financiera en el sector agrario? Muchos Estados miembros de la UE han recurrido a los mercados e impuestos del carbono para reducir las emisiones de gases de efecto invernadero en algunos sectores de la econom\u00eda, pero nunca en la agricultura. \u2026<\/p>\n<p>[\/et_pb_text][et_pb_button button_url=\u00bb@ET-DC@eyJkeW5hbWljIjp0cnVlLCJjb250ZW50IjoicG9zdF9saW5rX3VybF9wYWdlIiwic2V0dGluZ3MiOnsicG9zdF9pZCI6IjI4MDMifX0=@\u00bb button_text=\u00bbLeer m\u00e1s\u00bb _builder_version=\u00bb4.20.1&#8243; _dynamic_attributes=\u00bbbutton_url\u00bb _module_preset=\u00bbdefault\u00bb custom_button=\u00bbon\u00bb button_icon=\u00bb&#x24;||divi||400&#8243; button_icon_placement=\u00bbleft\u00bb button_on_hover=\u00bboff\u00bb custom_margin=\u00bbauto|20px|20px|20px|false|true\u00bb custom_css_main_element=\u00bbwidth:100%;\u00bb global_colors_info=\u00bb{}\u00bb][\/et_pb_button][\/et_pb_column][et_pb_column type=\u00bb1_3&#8243; _builder_version=\u00bb4.20.1&#8243; _module_preset=\u00bbdefault\u00bb background_color=\u00bbgcid-6f37a5ab-8dee-4caa-b818-fd4907caa741&#8243; custom_padding=\u00bb0px|0px|0px|0px|false|false\u00bb custom_css_main_element=\u00bbdisplay: flex;||flex-direction: column;\u00bb global_colors_info=\u00bb{%22gcid-6f37a5ab-8dee-4caa-b818-fd4907caa741%22:%91%22background_color%22%93}\u00bb][et_pb_image src=\u00bbhttps:\/\/visionary-project.eu\/wp-content\/uploads\/2023\/03\/biodiversity.jpg\u00bb title_text=\u00bbbiodiversityet_pb_image\u00bb url=\u00bb@ET-DC@eyJkeW5hbWljIjp0cnVlLCJjb250ZW50IjoicG9zdF9saW5rX3VybF9wYWdlIiwic2V0dGluZ3MiOnsicG9zdF9pZCI6IjI4MTEifX0=@\u00bb show_bottom_space=\u00bboff\u00bb _builder_version=\u00bb4.20.0&#8243; _dynamic_attributes=\u00bburl\u00bb _module_preset=\u00bbdefault\u00bb custom_margin=\u00bb-5px||||false|false\u00bb global_colors_info=\u00bb{}\u00bb][\/et_pb_image][et_pb_text _builder_version=\u00bb4.20.0&#8243; _module_preset=\u00bbdefault\u00bb custom_margin=\u00bb||77px|||\u00bb custom_padding=\u00bb20px|20px|20px|20px|true|true\u00bb global_colors_info=\u00bb{}\u00bb]<\/p>\n<h2>Biodiversidad<\/h2>\n<p>La producci\u00f3n de alimentos desempe\u00f1a un papel vital en la protecci\u00f3n de la biodiversidad de nuestro planeta. Pero, \u00bfc\u00f3mo hacer que las medidas agroambientales relacionadas con el clima resulten m\u00e1s atractivas para los agricultores y agricultoras? \u2026<\/p>\n<p>[\/et_pb_text][et_pb_button button_url=\u00bb@ET-DC@eyJkeW5hbWljIjp0cnVlLCJjb250ZW50IjoicG9zdF9saW5rX3VybF9wYWdlIiwic2V0dGluZ3MiOnsicG9zdF9pZCI6IjI4MTEifX0=@\u00bb button_text=\u00bbLeer m\u00e1s\u00bb _builder_version=\u00bb4.20.1&#8243; _dynamic_attributes=\u00bbbutton_url\u00bb _module_preset=\u00bbdefault\u00bb custom_button=\u00bbon\u00bb button_icon=\u00bb&#x24;||divi||400&#8243; button_icon_placement=\u00bbleft\u00bb button_on_hover=\u00bboff\u00bb custom_margin=\u00bbauto|20px|20px|20px|false|true\u00bb custom_css_main_element=\u00bbwidth:100%;\u00bb global_colors_info=\u00bb{}\u00bb][\/et_pb_button][\/et_pb_column][et_pb_column type=\u00bb1_3&#8243; _builder_version=\u00bb4.20.1&#8243; _module_preset=\u00bbdefault\u00bb background_color=\u00bbgcid-6f37a5ab-8dee-4caa-b818-fd4907caa741&#8243; custom_padding=\u00bb0px|0px|0px|0px|false|false\u00bb custom_css_main_element=\u00bbdisplay: flex;||flex-direction: column;\u00bb global_colors_info=\u00bb{%22gcid-6f37a5ab-8dee-4caa-b818-fd4907caa741%22:%91%22background_color%22%93}\u00bb][et_pb_image src=\u00bbhttps:\/\/visionary-project.eu\/wp-content\/uploads\/2023\/03\/water.jpg\u00bb title_text=\u00bbwater\u00bb url=\u00bb@ET-DC@eyJkeW5hbWljIjp0cnVlLCJjb250ZW50IjoicG9zdF9saW5rX3VybF9wYWdlIiwic2V0dGluZ3MiOnsicG9zdF9pZCI6IjI4MjAifX0=@\u00bb show_bottom_space=\u00bboff\u00bb _builder_version=\u00bb4.20.0&#8243; _dynamic_attributes=\u00bburl\u00bb _module_preset=\u00bbdefault\u00bb custom_margin=\u00bb-5px||||false|false\u00bb global_colors_info=\u00bb{}\u00bb][\/et_pb_image][et_pb_text _builder_version=\u00bb4.20.0&#8243; _module_preset=\u00bbdefault\u00bb custom_padding=\u00bb20px|20px|20px|20px|true|true\u00bb global_colors_info=\u00bb{}\u00bb]<\/p>\n<h2>Agua<\/h2>\n<div><span lang=\"EN-GB\">Una gran proporci\u00f3n del agua de la UE sigue estando por debajo del Buen Estado Ecol\u00f3gico, a lo que contribuye en gran medida la escorrent\u00eda de nutrientes procedentes de la agricultura y, en algunos pa\u00edses, la ineficiente utilizaci\u00f3n y gobernanza de los recursos h\u00eddricos. <\/span>\u2026<\/div>\n<p>[\/et_pb_text][et_pb_button button_url=\u00bb@ET-DC@eyJkeW5hbWljIjp0cnVlLCJjb250ZW50IjoicG9zdF9saW5rX3VybF9wYWdlIiwic2V0dGluZ3MiOnsicG9zdF9pZCI6IjI4MjAifX0=@\u00bb button_text=\u00bbLeer m\u00e1s\u00bb _builder_version=\u00bb4.20.1&#8243; _dynamic_attributes=\u00bbbutton_url\u00bb _module_preset=\u00bbdefault\u00bb custom_button=\u00bbon\u00bb button_icon=\u00bb&#x24;||divi||400&#8243; button_icon_placement=\u00bbleft\u00bb button_on_hover=\u00bboff\u00bb custom_margin=\u00bbauto|20px|20px|20px|false|true\u00bb custom_css_main_element=\u00bbwidth:100%;\u00bb global_colors_info=\u00bb{}\u00bb][\/et_pb_button][\/et_pb_column][\/et_pb_row][et_pb_row column_structure=\u00bb1_3,1_3,1_3&#8243; make_equal=\u00bbon\u00bb _builder_version=\u00bb4.20.1&#8243; _module_preset=\u00bbdefault\u00bb custom_padding=\u00bb3px|||||\u00bb global_colors_info=\u00bb{}\u00bb][et_pb_column type=\u00bb1_3&#8243; _builder_version=\u00bb4.20.1&#8243; _module_preset=\u00bbdefault\u00bb background_color=\u00bbgcid-6f37a5ab-8dee-4caa-b818-fd4907caa741&#8243; custom_padding=\u00bb0px|0px|0px|0px|false|false\u00bb custom_css_main_element=\u00bbdisplay: flex;||flex-direction: column;\u00bb global_colors_info=\u00bb{%22gcid-6f37a5ab-8dee-4caa-b818-fd4907caa741%22:%91%22background_color%22%93}\u00bb][et_pb_image src=\u00bbhttps:\/\/visionary-project.eu\/wp-content\/uploads\/2023\/03\/value-chain.jpg\u00bb title_text=\u00bbvalue-chain\u00bb url=\u00bb@ET-DC@eyJkeW5hbWljIjp0cnVlLCJjb250ZW50IjoicG9zdF9saW5rX3VybF9wYWdlIiwic2V0dGluZ3MiOnsicG9zdF9pZCI6IjI4MjYifX0=@\u00bb show_bottom_space=\u00bboff\u00bb _builder_version=\u00bb4.20.0&#8243; _dynamic_attributes=\u00bburl\u00bb _module_preset=\u00bbdefault\u00bb custom_margin=\u00bb-5px||||false|false\u00bb global_colors_info=\u00bb{}\u00bb][\/et_pb_image][et_pb_text _builder_version=\u00bb4.20.0&#8243; _module_preset=\u00bbdefault\u00bb custom_padding=\u00bb20px|20px|20px|20px|true|true\u00bb global_colors_info=\u00bb{}\u00bb]<\/p>\n<h2><span lang=\"EN-GB\">Cadena de valor<\/span><\/h2>\n<div><span lang=\"EN-GB\">\u00bfC\u00f3mo crear con \u00e9xito mercados para los alimentos producidos de forma sostenible? The Value chain cluster investigates private initiatives among operators in agri-food value chains and identifies successful business strategies and models. El cl\u00faster de cadenas de valor investiga las iniciativas privadas de los operadores de las cadenas de valor agroalimentarias e identifica estrategias y modelos empresariales de \u00e9xito.  <\/span> \u2026<\/div>\n<p>[\/et_pb_text][et_pb_button button_url=\u00bb@ET-DC@eyJkeW5hbWljIjp0cnVlLCJjb250ZW50IjoicG9zdF9saW5rX3VybF9wYWdlIiwic2V0dGluZ3MiOnsicG9zdF9pZCI6IjI4MjYifX0=@\u00bb button_text=\u00bbLeer m\u00e1s\u00bb _builder_version=\u00bb4.20.0&#8243; _dynamic_attributes=\u00bbbutton_url\u00bb _module_preset=\u00bbdefault\u00bb custom_button=\u00bbon\u00bb button_icon=\u00bb&#x24;||divi||400&#8243; button_icon_placement=\u00bbleft\u00bb button_on_hover=\u00bboff\u00bb custom_margin=\u00bbauto|20px|20px|20px|false|true\u00bb custom_css_main_element=\u00bbwidth:100%;\u00bb global_colors_info=\u00bb{}\u00bb][\/et_pb_button][\/et_pb_column][et_pb_column type=\u00bb1_3&#8243; _builder_version=\u00bb4.20.1&#8243; _module_preset=\u00bbdefault\u00bb background_color=\u00bbgcid-6f37a5ab-8dee-4caa-b818-fd4907caa741&#8243; custom_padding=\u00bb0px|0px|0px|0px|false|false\u00bb custom_css_main_element=\u00bbdisplay: flex;||flex-direction: column;\u00bb global_colors_info=\u00bb{%22gcid-6f37a5ab-8dee-4caa-b818-fd4907caa741%22:%91%22background_color%22,%22background_color%22%93}\u00bb][et_pb_image src=\u00bbhttps:\/\/visionary-project.eu\/wp-content\/uploads\/2023\/03\/consumer.jpg\u00bb title_text=\u00bbconsumer\u00bb url=\u00bb@ET-DC@eyJkeW5hbWljIjp0cnVlLCJjb250ZW50IjoicG9zdF9saW5rX3VybF9wYWdlIiwic2V0dGluZ3MiOnsicG9zdF9pZCI6IjI4MzIifX0=@\u00bb show_bottom_space=\u00bboff\u00bb _builder_version=\u00bb4.20.0&#8243; _dynamic_attributes=\u00bburl\u00bb _module_preset=\u00bbdefault\u00bb custom_margin=\u00bb-5px||||false|false\u00bb global_colors_info=\u00bb{}\u00bb][\/et_pb_image][et_pb_text _builder_version=\u00bb4.20.0&#8243; _module_preset=\u00bbdefault\u00bb custom_margin=\u00bb||47px|||\u00bb custom_padding=\u00bb20px|20px|20px|20px|true|true\u00bb global_colors_info=\u00bb{}\u00bb]<\/p>\n<h2>Personas consumidoras<\/h2>\n<div><span lang=\"EN-US\">Las pautas de consumo alimentario del individuo europeo medio pueden considerarse insostenibles, ya que causan grandes repercusiones negativas en el clima, la biodiversidad, el medio ambiente y la salud personal. <\/span> \u2026<\/div>\n<p>[\/et_pb_text][et_pb_button button_url=\u00bb@ET-DC@eyJkeW5hbWljIjp0cnVlLCJjb250ZW50IjoicG9zdF9saW5rX3VybF9wYWdlIiwic2V0dGluZ3MiOnsicG9zdF9pZCI6IjI4MzIifX0=@\u00bb button_text=\u00bbLeer m\u00e1s\u00bb _builder_version=\u00bb4.20.0&#8243; _dynamic_attributes=\u00bbbutton_url\u00bb _module_preset=\u00bbdefault\u00bb custom_button=\u00bbon\u00bb button_icon=\u00bb&#x24;||divi||400&#8243; button_icon_placement=\u00bbleft\u00bb button_on_hover=\u00bboff\u00bb custom_margin=\u00bbauto|20px|20px|20px|false|true\u00bb custom_css_main_element=\u00bbwidth:100%;\u00bb global_colors_info=\u00bb{}\u00bb][\/et_pb_button][\/et_pb_column][et_pb_column type=\u00bb1_3&#8243; _builder_version=\u00bb4.19.3&#8243; _module_preset=\u00bbdefault\u00bb background_color=\u00bbgcid-6f37a5ab-8dee-4caa-b818-fd4907caa741&#8243; custom_padding=\u00bb0px|0px|0px|0px|false|false\u00bb custom_css_main_element=\u00bbdisplay: flex;||flex-direction: column;\u00bb global_colors_info=\u00bb{%22gcid-6f37a5ab-8dee-4caa-b818-fd4907caa741%22:%91%22background_color%22,%22background_color%22%93}\u00bb][et_pb_image src=\u00bbhttps:\/\/visionary-project.eu\/wp-content\/uploads\/2023\/03\/Retailers.jpg\u00bb title_text=\u00bbRetailers\u00bb url=\u00bb@ET-DC@eyJkeW5hbWljIjp0cnVlLCJjb250ZW50IjoicG9zdF9saW5rX3VybF9wYWdlIiwic2V0dGluZ3MiOnsicG9zdF9pZCI6IjI4MzcifX0=@\u00bb show_bottom_space=\u00bboff\u00bb _builder_version=\u00bb4.20.0&#8243; _dynamic_attributes=\u00bburl\u00bb _module_preset=\u00bbdefault\u00bb custom_margin=\u00bb-5px||||false|false\u00bb global_colors_info=\u00bb{}\u00bb][\/et_pb_image][et_pb_text _builder_version=\u00bb4.20.0&#8243; _module_preset=\u00bbdefault\u00bb custom_margin=\u00bb||31px|||\u00bb custom_padding=\u00bb20px|20px|6px|20px|false|true\u00bb global_colors_info=\u00bb{}\u00bb]<\/p>\n<h2>Retailers<\/h2>\n<div><span lang=\"EN-GB\"><span lang=\"EN-GB\">\u00bfPodemos promover la venta de alimentos sostenibles orientando a la persona consumidora en la direcci\u00f3n correcta? Mediante experimentos de campo en comercios minoristas (supermercados, granjas, etc.),  <\/span><\/span><span style=\"font-size: 18px;\">este cl\u00faster genera nuevos conocimientos \u00fanicos <\/span>\u2026<\/div>\n<p>[\/et_pb_text][et_pb_button button_url=\u00bb@ET-DC@eyJkeW5hbWljIjp0cnVlLCJjb250ZW50IjoicG9zdF9saW5rX3VybF9wYWdlIiwic2V0dGluZ3MiOnsicG9zdF9pZCI6IjI4MzcifX0=@\u00bb button_text=\u00bbLeer m\u00e1s\u00bb _builder_version=\u00bb4.20.0&#8243; _dynamic_attributes=\u00bbbutton_url\u00bb _module_preset=\u00bbdefault\u00bb custom_button=\u00bbon\u00bb button_icon=\u00bb&#x24;||divi||400&#8243; button_icon_placement=\u00bbleft\u00bb button_on_hover=\u00bboff\u00bb custom_margin=\u00bbauto|20px|20px|20px|false|true\u00bb custom_css_main_element=\u00bbwidth:100%;\u00bb global_colors_info=\u00bb{}\u00bb][\/et_pb_button][\/et_pb_column][\/et_pb_row][et_pb_row column_structure=\u00bb1_3,1_3,1_3&#8243; make_equal=\u00bbon\u00bb _builder_version=\u00bb4.20.1&#8243; _module_preset=\u00bbdefault\u00bb custom_padding=\u00bb3px|||||\u00bb global_colors_info=\u00bb{}\u00bb][et_pb_column type=\u00bb1_3&#8243; _builder_version=\u00bb4.20.1&#8243; _module_preset=\u00bbdefault\u00bb background_color=\u00bbgcid-6f37a5ab-8dee-4caa-b818-fd4907caa741&#8243; custom_padding=\u00bb0px|0px|0px|0px|false|false\u00bb custom_css_main_element=\u00bbdisplay: flex;||flex-direction: column;\u00bb global_colors_info=\u00bb{%22gcid-6f37a5ab-8dee-4caa-b818-fd4907caa741%22:%91%22background_color%22%93}\u00bb][et_pb_image src=\u00bbhttps:\/\/visionary-project.eu\/wp-content\/uploads\/2023\/03\/Plant-based-protein.jpg\u00bb title_text=\u00bbPlant-based-protein\u00bb url=\u00bb@ET-DC@eyJkeW5hbWljIjp0cnVlLCJjb250ZW50IjoicG9zdF9saW5rX3VybF9wYWdlIiwic2V0dGluZ3MiOnsicG9zdF9pZCI6IjI4NDIifX0=@\u00bb show_bottom_space=\u00bboff\u00bb _builder_version=\u00bb4.20.0&#8243; _dynamic_attributes=\u00bburl\u00bb _module_preset=\u00bbdefault\u00bb custom_margin=\u00bb-5px||||false|false\u00bb global_colors_info=\u00bb{}\u00bb][\/et_pb_image][et_pb_text _builder_version=\u00bb4.20.0&#8243; _module_preset=\u00bbdefault\u00bb custom_padding=\u00bb20px|20px|20px|20px|true|true\u00bb global_colors_info=\u00bb{}\u00bb]<\/p>\n<h2>Prote\u00ednas vegetales<\/h2>\n<div><span lang=\"EN-GB\">\u00bfCu\u00e1les son los factores que impulsan u obstaculizan la adopci\u00f3n de productos proteicos de origen vegetal? Hay m\u00faltiples agentes implicados en las cadenas de valor que son responsables del \u00e9xito del establecimiento de alternativas de prote\u00ednas vegetales <\/span> \u2026<\/div>\n<p>[\/et_pb_text][et_pb_button button_url=\u00bb@ET-DC@eyJkeW5hbWljIjp0cnVlLCJjb250ZW50IjoicG9zdF9saW5rX3VybF9wYWdlIiwic2V0dGluZ3MiOnsicG9zdF9pZCI6IjI4NDIifX0=@\u00bb button_text=\u00bbLeer m\u00e1s\u00bb _builder_version=\u00bb4.20.0&#8243; _dynamic_attributes=\u00bbbutton_url\u00bb _module_preset=\u00bbdefault\u00bb custom_button=\u00bbon\u00bb button_icon=\u00bb&#x24;||divi||400&#8243; button_icon_placement=\u00bbleft\u00bb button_on_hover=\u00bboff\u00bb custom_margin=\u00bbauto|20px|20px|20px|false|true\u00bb custom_css_main_element=\u00bbwidth:100%;\u00bb global_colors_info=\u00bb{}\u00bb][\/et_pb_button][\/et_pb_column][et_pb_column type=\u00bb1_3&#8243; _builder_version=\u00bb4.20.1&#8243; _module_preset=\u00bbdefault\u00bb background_color=\u00bbgcid-6f37a5ab-8dee-4caa-b818-fd4907caa741&#8243; custom_padding=\u00bb0px|0px|0px|0px|false|false\u00bb custom_css_main_element=\u00bbdisplay: flex;||flex-direction: column;\u00bb global_colors_info=\u00bb{%22gcid-6f37a5ab-8dee-4caa-b818-fd4907caa741%22:%91%22background_color%22,%22background_color%22%93}\u00bb][et_pb_image src=\u00bbhttps:\/\/visionary-project.eu\/wp-content\/uploads\/2023\/03\/organic-farming.jpg\u00bb title_text=\u00bborganic-farming\u00bb url=\u00bb@ET-DC@eyJkeW5hbWljIjp0cnVlLCJjb250ZW50IjoicG9zdF9saW5rX3VybF9wYWdlIiwic2V0dGluZ3MiOnsicG9zdF9pZCI6IjI4NDMifX0=@\u00bb show_bottom_space=\u00bboff\u00bb _builder_version=\u00bb4.20.0&#8243; _dynamic_attributes=\u00bburl\u00bb _module_preset=\u00bbdefault\u00bb custom_margin=\u00bb-5px||||false|false\u00bb global_colors_info=\u00bb{}\u00bb][\/et_pb_image][et_pb_text _builder_version=\u00bb4.20.0&#8243; _module_preset=\u00bbdefault\u00bb custom_margin=\u00bb||47px|||\u00bb custom_padding=\u00bb20px|20px|20px|20px|true|true\u00bb global_colors_info=\u00bb{}\u00bb]<\/p>\n<h2>Agricultura ecol\u00f3gica<\/h2>\n<div><span lang=\"EN-US\">Este cl\u00faster pretende promover el objetivo en el Pacto Verde Europeo de la estrategia \u00abDe la Granja a la Mesa\u00bb seg\u00fan el cual al menos el 25% de las tierras agr\u00edcolas de la UE se gestionar\u00e1n de forma ecol\u00f3gica en 2030. El cl\u00faster promueve este objetivo avanzando la evidencia disponible sobre las condiciones <\/span> \u2026<\/div>\n<p>[\/et_pb_text][et_pb_button button_url=\u00bb@ET-DC@eyJkeW5hbWljIjp0cnVlLCJjb250ZW50IjoicG9zdF9saW5rX3VybF9wYWdlIiwic2V0dGluZ3MiOnsicG9zdF9pZCI6IjI4NDMifX0=@\u00bb button_text=\u00bbLeer m\u00e1s\u00bb _builder_version=\u00bb4.20.0&#8243; _dynamic_attributes=\u00bbbutton_url\u00bb _module_preset=\u00bbdefault\u00bb custom_button=\u00bbon\u00bb button_icon=\u00bb&#x24;||divi||400&#8243; button_icon_placement=\u00bbleft\u00bb button_on_hover=\u00bboff\u00bb custom_margin=\u00bb20px|20px|20px|20px|true|true\u00bb custom_css_main_element=\u00bbwidth:100%;\u00bb global_colors_info=\u00bb{}\u00bb][\/et_pb_button][\/et_pb_column][et_pb_column type=\u00bb1_3&#8243; _builder_version=\u00bb4.20.1&#8243; _module_preset=\u00bbdefault\u00bb background_color=\u00bb#FFFFFF\u00bb custom_padding=\u00bb0px|0px|0px|0px|false|false\u00bb custom_css_main_element=\u00bbdisplay: flex;||flex-direction: column;\u00bb global_colors_info=\u00bb{}\u00bb][\/et_pb_column][\/et_pb_row][\/et_pb_section]<\/p>\n","protected":false},"excerpt":{"rendered":"<p>Clima \u00bfFuncionan los instrumentos de pol\u00edtica financiera en el sector agrario? Muchos Estados miembros de la UE han recurrido a los mercados e impuestos del carbono para reducir las emisiones [&hellip;]<\/p>\n","protected":false},"author":2,"featured_media":175,"parent":3390,"menu_order":0,"comment_status":"closed","ping_status":"closed","template":"","meta":{"_acf_changed":false,"_et_pb_use_builder":"on","_et_pb_old_content":"","_et_gb_content_width":"","footnotes":""},"class_list":["post-3412","page","type-page","status-publish","has-post-thumbnail","hentry"],"acf":[],"_links":{"self":[{"href":"https:\/\/visionary-project.eu\/es\/wp-json\/wp\/v2\/pages\/3412","targetHints":{"allow":["GET"]}}],"collection":[{"href":"https:\/\/visionary-project.eu\/es\/wp-json\/wp\/v2\/pages"}],"about":[{"href":"https:\/\/visionary-project.eu\/es\/wp-json\/wp\/v2\/types\/page"}],"author":[{"embeddable":true,"href":"https:\/\/visionary-project.eu\/es\/wp-json\/wp\/v2\/users\/2"}],"replies":[{"embeddable":true,"href":"https:\/\/visionary-project.eu\/es\/wp-json\/wp\/v2\/comments?post=3412"}],"version-history":[{"count":4,"href":"https:\/\/visionary-project.eu\/es\/wp-json\/wp\/v2\/pages\/3412\/revisions"}],"predecessor-version":[{"id":6756,"href":"https:\/\/visionary-project.eu\/es\/wp-json\/wp\/v2\/pages\/3412\/revisions\/6756"}],"up":[{"embeddable":true,"href":"https:\/\/visionary-project.eu\/es\/wp-json\/wp\/v2\/pages\/3390"}],"wp:featuredmedia":[{"embeddable":true,"href":"https:\/\/visionary-project.eu\/es\/wp-json\/wp\/v2\/media\/175"}],"wp:attachment":[{"href":"https:\/\/visionary-project.eu\/es\/wp-json\/wp\/v2\/media?parent=3412"}],"curies":[{"name":"wp","href":"https:\/\/api.w.org\/{rel}","templated":true}]}}